{"id":3853,"date":"2023-01-20T23:19:58","date_gmt":"2023-01-20T22:19:58","guid":{"rendered":"http:\/\/helvete.de\/?page_id=3853"},"modified":"2023-03-12T13:53:08","modified_gmt":"2023-03-12T12:53:08","slug":"eventon","status":"publish","type":"page","link":"https:\/\/helvete.de\/?page_id=3853","title":{"rendered":"Shows"},"content":{"rendered":"\n<p><strong>DER PUB UND DIE TIKI SIND AUCH W\u00c4HREND DER VERANSTALTUNGEN REGUL\u00c4R GE\u00d6FFNET<\/strong><\/p>\n\n\n\n<div class=\"wp-block-group\"><div class=\"wp-block-group__inner-container is-layout-constrained wp-block-group-is-layout-constrained\">\n<p style=\"background-color:transparent;color:#808080;padding:20px;border-radius:5px\" class=\"wp-block-eventon-blocks-evo-eventon-main\">[add_eventon_list number_of_months=&#8221;12&#8243; event_past_future=&#8221;future&#8221; show_et_ft_img=&#8221;yes&#8221; eventtop_style=&#8221;2&#8243; hide_empty_months=&#8221;yes&#8221; hide_end_time=&#8221;yes&#8221; show_limit=&#8221;no&#8221;]<\/p>\n<\/div><\/div>\n","protected":false},"excerpt":{"rendered":"<p>DER PUB UND DIE TIKI SIND AUCH W\u00c4HREND DER VERANSTALTUNGEN REGUL\u00c4R GE\u00d6FFNET<\/p>\n","protected":false},"author":1,"featured_media":0,"parent":0,"menu_order":0,"comment_status":"closed","ping_status":"closed","template":"","meta":{"sfsi_plus_gutenberg_text_before_share":"","sfsi_plus_gutenberg_show_text_before_share":"","sfsi_plus_gutenberg_icon_type":"","sfsi_plus_gutenberg_icon_alignemt":"","sfsi_plus_gutenburg_max_per_row":"","_monsterinsights_skip_tracking":false,"_monsterinsights_sitenote_active":false,"_monsterinsights_sitenote_note":"","_monsterinsights_sitenote_category":0,"footnotes":""},"class_list":["post-3853","page","type-page","status-publish","hentry"],"jetpack_sharing_enabled":true,"_links":{"self":[{"href":"https:\/\/helvete.de\/index.php?rest_route=\/wp\/v2\/pages\/3853","targetHints":{"allow":["GET"]}}],"collection":[{"href":"https:\/\/helvete.de\/index.php?rest_route=\/wp\/v2\/pages"}],"about":[{"href":"https:\/\/helvete.de\/index.php?rest_route=\/wp\/v2\/types\/page"}],"author":[{"embeddable":true,"href":"https:\/\/helvete.de\/index.php?rest_route=\/wp\/v2\/users\/1"}],"replies":[{"embeddable":true,"href":"https:\/\/helvete.de\/index.php?rest_route=%2Fwp%2Fv2%2Fcomments&post=3853"}],"version-history":[{"count":98,"href":"https:\/\/helvete.de\/index.php?rest_route=\/wp\/v2\/pages\/3853\/revisions"}],"predecessor-version":[{"id":6806,"href":"https:\/\/helvete.de\/index.php?rest_route=\/wp\/v2\/pages\/3853\/revisions\/6806"}],"wp:attachment":[{"href":"https:\/\/helvete.de\/index.php?rest_route=%2Fwp%2Fv2%2Fmedia&parent=3853"}],"curies":[{"name":"wp","href":"https:\/\/api.w.org\/{rel}","templated":true}]}}